{"id":9135,"date":"2025-09-09T08:40:54","date_gmt":"2025-09-09T08:40:54","guid":{"rendered":"https:\/\/www.whiterabbit.es\/advertencia-juridica\/"},"modified":"2025-09-09T08:40:56","modified_gmt":"2025-09-09T08:40:56","slug":"advertencia-juridica","status":"publish","type":"page","link":"https:\/\/www.whiterabbit.es\/pt-pt\/advertencia-juridica\/","title":{"rendered":"Advert\u00eancia jur\u00eddica"},"content":{"rendered":"[et_pb_section fb_built=&#8221;1&#8243; _builder_version=&#8221;4.16&#8243; _module_preset=&#8221;default&#8221; background_color=&#8221;RGBA(0,0,0,0)&#8221; global_colors_info=&#8221;{}&#8221;][et_pb_row _builder_version=&#8221;4.16&#8243; _module_preset=&#8221;default&#8221; global_colors_info=&#8221;{}&#8221;][et_pb_column type=&#8221;4_4&#8243; _builder_version=&#8221;4.16&#8243; _module_preset=&#8221;default&#8221; global_colors_info=&#8221;{}&#8221;][et_pb_text _builder_version=&#8221;4.16&#8243; _module_preset=&#8221;default&#8221; locked=&#8221;off&#8221; global_colors_info=&#8221;{}&#8221;]\n<h1>Advert\u00eancia jur\u00eddica<\/h1>\n[\/et_pb_text][et_pb_text _builder_version=&#8221;4.27.2&#8243; background_size=&#8221;initial&#8221; background_position=&#8221;top_left&#8221; background_repeat=&#8221;repeat&#8221; hover_enabled=&#8221;0&#8243; locked=&#8221;off&#8221; global_colors_info=&#8221;{}&#8221; sticky_enabled=&#8221;0&#8243;]\n<p>Em cumprimento do artigo 10.\u00ba da Lei n.\u00ba 34\/2002, de 11 de julho, relativa aos Servi\u00e7os da Sociedade da Informa\u00e7\u00e3o e Com\u00e9rcio Eletr\u00f3nico (LSSICE), os dados de identifica\u00e7\u00e3o da empresa encontram-se detalhados abaixo:<\/p>\n<ul>\n<li>Nome da empresa: SHOWING THE WAY SL<\/li>\n<li>CIF: B66341850<\/li>\n<li>Endere\u00e7o: C\/ Sicilia 160-162, Escalera A, Mezzanine 5 &#8211; 08013 &#8211; BARCELONA &#8211; BARCELONA<\/li>\n<li>Telefone: <a href=\"mailto:info@demanetinternational.com\">E-mail: info@whiterabbit.es<\/a><\/li>\n<\/ul>\n<p>&nbsp;<\/p>\n<p><strong>REGISTO DE REGISTO.<\/strong><\/p>\n<p>Aqui voc\u00ea tem que inserir os dados do registro da empresa (volume, f\u00f3lio, se\u00e7\u00e3o, folha).<\/p>\n<p>&nbsp;<\/p>\n<p><strong>FINALIDADE DO WEBSITE.<\/strong><\/p>\n<p>O objetivo do site \u00e9 divulgar os servi\u00e7os que a The White Rabbit oferece aos seus potenciais clientes.<\/p>\n<p>Este aviso legal (doravante, o &#8220;Aviso Legal&#8221;) regula o uso do site: www. <a href=\"http:\/\/www.demanet-international.com\/\">whiterabbit.es\/<\/a><\/p>\n<p>&nbsp;<\/p>\n<p><strong>LEGISLA\u00c7\u00c3O.<\/strong><\/p>\n<p>Em geral, as rela\u00e7\u00f5es entre SHOWING THE WAY SL e os Usu\u00e1rios de seus servi\u00e7os telem\u00e1ticos, presentes neste site, est\u00e3o sujeitas \u00e0 legisla\u00e7\u00e3o e jurisdi\u00e7\u00e3o espanhola.<\/p>\n<p>&nbsp;<\/p>\n<p><strong>USO E ACESSO DO USU\u00c1RIO.<\/strong><\/p>\n<p>O Utilizador \u00e9 informado, e aceita, que o acesso a este website n\u00e3o implica, de forma alguma, o in\u00edcio de uma rela\u00e7\u00e3o comercial com a SHOWING THE WAY SL ou qualquer uma das suas delega\u00e7\u00f5es.<\/p>\n<p>&nbsp;<\/p>\n<p><strong>PROPRIEDADE INTELECTUAL E INDUSTRIAL.<\/strong><\/p>\n<p>Os direitos de propriedade intelectual do conte\u00fado das p\u00e1ginas web, seu design gr\u00e1fico e c\u00f3digos s\u00e3o de propriedade da SHOWING THE WAY SL e, portanto, sua reprodu\u00e7\u00e3o, distribui\u00e7\u00e3o, comunica\u00e7\u00e3o p\u00fablica, transforma\u00e7\u00e3o ou qualquer outra atividade que possa ser realizada com o conte\u00fado de suas p\u00e1ginas web \u00e9 proibida, mesmo que as fontes sejam citadas, exceto com o consentimento por escrito da SHOWING THE WAY SL.<\/p>\n<p>&nbsp;<\/p>\n<p><strong>CONTE\u00daDO DO SITE E LINKS.<\/strong><\/p>\n<p>MOSTRANDO O CAMINHO A SL reserva-se o direito de atualizar, modificar ou excluir as informa\u00e7\u00f5es contidas em suas p\u00e1ginas da web, podendo at\u00e9 mesmo limitar ou negar o acesso a essas informa\u00e7\u00f5es a determinados usu\u00e1rios.<\/p>\n<p>MOSTRANDO O CAMINHO SL n\u00e3o assume qualquer responsabilidade pelas informa\u00e7\u00f5es contidas em sites de terceiros que podem ser acessados por &#8220;links&#8221; ou links de qualquer site de propriedade da SHOWING THE WAY SL. A presen\u00e7a de links nas p\u00e1ginas web da SHOWING THE WAY SL \u00e9 apenas para fins informativos e em nenhum caso implica uma sugest\u00e3o, convite ou recomenda\u00e7\u00e3o sobre os mesmos. <\/p>\n[\/et_pb_text][\/et_pb_column][\/et_pb_row][\/et_pb_section]\n","protected":false},"excerpt":{"rendered":"<p>Advert\u00eancia jur\u00eddicaEm cumprimento do artigo 10.\u00ba da Lei n.\u00ba 34\/2002, de 11 de julho, relativa aos Servi\u00e7os da Sociedade da Informa\u00e7\u00e3o e Com\u00e9rcio Eletr\u00f3nico (LSSICE), os dados de identifica\u00e7\u00e3o da empresa encontram-se detalhados abaixo: Nome da empresa: SHOWING THE WAY SL CIF: B66341850 Endere\u00e7o: C\/ Sicilia 160-162, Escalera A, Mezzanine 5 &#8211; 08013 &#8211; BARCELONA [&hellip;]<\/p>\n","protected":false},"author":1,"featured_media":0,"parent":0,"menu_order":3,"comment_status":"closed","ping_status":"closed","template":"","meta":{"_acf_changed":false,"_et_pb_use_builder":"on","_et_pb_old_content":"","_et_gb_content_width":"","footnotes":""},"class_list":["post-9135","page","type-page","status-publish","hentry"],"acf":[],"_links":{"self":[{"href":"https:\/\/www.whiterabbit.es\/pt-pt\/wp-json\/wp\/v2\/pages\/9135","targetHints":{"allow":["GET"]}}],"collection":[{"href":"https:\/\/www.whiterabbit.es\/pt-pt\/wp-json\/wp\/v2\/pages"}],"about":[{"href":"https:\/\/www.whiterabbit.es\/pt-pt\/wp-json\/wp\/v2\/types\/page"}],"author":[{"embeddable":true,"href":"https:\/\/www.whiterabbit.es\/pt-pt\/wp-json\/wp\/v2\/users\/1"}],"replies":[{"embeddable":true,"href":"https:\/\/www.whiterabbit.es\/pt-pt\/wp-json\/wp\/v2\/comments?post=9135"}],"version-history":[{"count":1,"href":"https:\/\/www.whiterabbit.es\/pt-pt\/wp-json\/wp\/v2\/pages\/9135\/revisions"}],"predecessor-version":[{"id":9138,"href":"https:\/\/www.whiterabbit.es\/pt-pt\/wp-json\/wp\/v2\/pages\/9135\/revisions\/9138"}],"wp:attachment":[{"href":"https:\/\/www.whiterabbit.es\/pt-pt\/wp-json\/wp\/v2\/media?parent=9135"}],"curies":[{"name":"wp","href":"https:\/\/api.w.org\/{rel}","templated":true}]}}